{"id":3074,"date":"2025-12-11T16:45:37","date_gmt":"2025-12-11T21:45:37","guid":{"rendered":"https:\/\/electronicadelnorte.com.ec\/wp\/producto\/swicht-pequea%c2%91o-6-pines-2-posiciones\/"},"modified":"2026-01-13T06:36:27","modified_gmt":"2026-01-13T11:36:27","slug":"swicht-pequea%c2%91o-6-pines-2-posiciones","status":"publish","type":"product","link":"https:\/\/electronicadelnorte.com.ec\/wp\/producto\/swicht-pequea%c2%91o-6-pines-2-posiciones\/","title":{"rendered":"SWICHT PEQUE\u00d1O 6 PINES 2 POSICIONES"},"content":{"rendered":"<p><img loading=\"lazy\" decoding=\"async\" class=\"alignnone size-medium wp-image-3166\" src=\"https:\/\/electronicadelnorte.com.ec\/wp\/wp-content\/uploads\/2025\/12\/610-300x300.webp\" alt=\"\" width=\"300\" height=\"300\" srcset=\"https:\/\/electronicadelnorte.com.ec\/wp\/wp-content\/uploads\/2025\/12\/610-300x300.webp 300w, https:\/\/electronicadelnorte.com.ec\/wp\/wp-content\/uploads\/2025\/12\/610-150x150.webp 150w, https:\/\/electronicadelnorte.com.ec\/wp\/wp-content\/uploads\/2025\/12\/610-600x600.webp 600w, https:\/\/electronicadelnorte.com.ec\/wp\/wp-content\/uploads\/2025\/12\/610-100x100.webp 100w, https:\/\/electronicadelnorte.com.ec\/wp\/wp-content\/uploads\/2025\/12\/610.webp 610w\" sizes=\"auto, (max-width: 300px) 100vw, 300px\" \/>El producto X MAYOR SWICHT PEQUE\u00d1O 6 PINES 2 POSICIONES es una excelente adici\u00f3n a tu inventario de PULSADORES Y SWITCHS. Seleccionado por su durabilidad y relaci\u00f3n calidad-precio, es ideal tanto para reparaciones como para nuevos desarrollos.<\/p>\n","protected":false},"excerpt":{"rendered":"<p>X MAYOR SWICHT PEQUE\u00d1O 6 PINES 2 POSICIONES &#8211; Componente de alta calidad para proyectos de PULSADORES Y SWITCHS.<\/p>\n","protected":false},"featured_media":3166,"comment_status":"open","ping_status":"closed","template":"","meta":{"_joinchat":[]},"product_brand":[],"product_cat":[709],"product_tag":[],"class_list":{"0":"post-3074","1":"product","2":"type-product","3":"status-publish","4":"has-post-thumbnail","6":"product_cat-pulsadores-y-switchs","8":"first","9":"outofstock","10":"taxable","11":"shipping-taxable","12":"purchasable","13":"product-type-simple"},"_links":{"self":[{"href":"https:\/\/electronicadelnorte.com.ec\/wp\/wp-json\/wp\/v2\/product\/3074","targetHints":{"allow":["GET"]}}],"collection":[{"href":"https:\/\/electronicadelnorte.com.ec\/wp\/wp-json\/wp\/v2\/product"}],"about":[{"href":"https:\/\/electronicadelnorte.com.ec\/wp\/wp-json\/wp\/v2\/types\/product"}],"replies":[{"embeddable":true,"href":"https:\/\/electronicadelnorte.com.ec\/wp\/wp-json\/wp\/v2\/comments?post=3074"}],"wp:featuredmedia":[{"embeddable":true,"href":"https:\/\/electronicadelnorte.com.ec\/wp\/wp-json\/wp\/v2\/media\/3166"}],"wp:attachment":[{"href":"https:\/\/electronicadelnorte.com.ec\/wp\/wp-json\/wp\/v2\/media?parent=3074"}],"wp:term":[{"taxonomy":"product_brand","embeddable":true,"href":"https:\/\/electronicadelnorte.com.ec\/wp\/wp-json\/wp\/v2\/product_brand?post=3074"},{"taxonomy":"product_cat","embeddable":true,"href":"https:\/\/electronicadelnorte.com.ec\/wp\/wp-json\/wp\/v2\/product_cat?post=3074"},{"taxonomy":"product_tag","embeddable":true,"href":"https:\/\/electronicadelnorte.com.ec\/wp\/wp-json\/wp\/v2\/product_tag?post=3074"}],"curies":[{"name":"wp","href":"https:\/\/api.w.org\/{rel}","templated":true}]}}