{"id":2688,"date":"2025-11-14T10:50:01","date_gmt":"2025-11-14T15:50:01","guid":{"rendered":"https:\/\/electronicadelnorte.com.ec\/wp\/producto\/x-mayor-tapa-db-9-c-tornillos-gris-621104\/"},"modified":"2026-01-13T06:36:26","modified_gmt":"2026-01-13T11:36:26","slug":"x-mayor-tapa-db-9-c-tornillos-gris-621104","status":"publish","type":"product","link":"https:\/\/electronicadelnorte.com.ec\/wp\/producto\/x-mayor-tapa-db-9-c-tornillos-gris-621104\/","title":{"rendered":"PA JK DC CCTV MACHO A BORNERA ROJO NEG (205210)"},"content":{"rendered":"<p><img loading=\"lazy\" decoding=\"async\" class=\"alignnone size-medium wp-image-3126\" src=\"https:\/\/electronicadelnorte.com.ec\/wp\/wp-content\/uploads\/2025\/11\/D_NQ_NP_886867-MCO83620775461_042025-O-300x295.webp\" alt=\"\" width=\"300\" height=\"295\" srcset=\"https:\/\/electronicadelnorte.com.ec\/wp\/wp-content\/uploads\/2025\/11\/D_NQ_NP_886867-MCO83620775461_042025-O-300x295.webp 300w, https:\/\/electronicadelnorte.com.ec\/wp\/wp-content\/uploads\/2025\/11\/D_NQ_NP_886867-MCO83620775461_042025-O.webp 500w\" sizes=\"auto, (max-width: 300px) 100vw, 300px\" \/>Conector de alta calidad X MAYOR PA JK DC CCTV MACHO A BORNERA ROJO NEG (205210). Asegura una conexi\u00f3n el\u00e9ctrica firme y confiable para tus sistemas de audio, video o alimentaci\u00f3n.<\/p>\n","protected":false},"excerpt":{"rendered":"<p>X MAYOR PA JK DC CCTV MACHO A BORNERA ROJO NEG (205210) &#8211; Componente de alta calidad para proyectos de CCTV.<\/p>\n","protected":false},"featured_media":3126,"comment_status":"open","ping_status":"closed","template":"","meta":{"_joinchat":[]},"product_brand":[],"product_cat":[706],"product_tag":[],"class_list":{"0":"post-2688","1":"product","2":"type-product","3":"status-publish","4":"has-post-thumbnail","6":"product_cat-cctv","8":"first","9":"outofstock","10":"taxable","11":"shipping-taxable","12":"purchasable","13":"product-type-simple"},"_links":{"self":[{"href":"https:\/\/electronicadelnorte.com.ec\/wp\/wp-json\/wp\/v2\/product\/2688","targetHints":{"allow":["GET"]}}],"collection":[{"href":"https:\/\/electronicadelnorte.com.ec\/wp\/wp-json\/wp\/v2\/product"}],"about":[{"href":"https:\/\/electronicadelnorte.com.ec\/wp\/wp-json\/wp\/v2\/types\/product"}],"replies":[{"embeddable":true,"href":"https:\/\/electronicadelnorte.com.ec\/wp\/wp-json\/wp\/v2\/comments?post=2688"}],"wp:featuredmedia":[{"embeddable":true,"href":"https:\/\/electronicadelnorte.com.ec\/wp\/wp-json\/wp\/v2\/media\/3126"}],"wp:attachment":[{"href":"https:\/\/electronicadelnorte.com.ec\/wp\/wp-json\/wp\/v2\/media?parent=2688"}],"wp:term":[{"taxonomy":"product_brand","embeddable":true,"href":"https:\/\/electronicadelnorte.com.ec\/wp\/wp-json\/wp\/v2\/product_brand?post=2688"},{"taxonomy":"product_cat","embeddable":true,"href":"https:\/\/electronicadelnorte.com.ec\/wp\/wp-json\/wp\/v2\/product_cat?post=2688"},{"taxonomy":"product_tag","embeddable":true,"href":"https:\/\/electronicadelnorte.com.ec\/wp\/wp-json\/wp\/v2\/product_tag?post=2688"}],"curies":[{"name":"wp","href":"https:\/\/api.w.org\/{rel}","templated":true}]}}