{"id":2663,"date":"2025-11-14T10:49:57","date_gmt":"2025-11-14T15:49:57","guid":{"rendered":"https:\/\/electronicadelnorte.com.ec\/wp\/producto\/cable-mini-display-port-a-vga-1-8mt-4k-1-2v-microtech\/"},"modified":"2026-01-13T06:36:25","modified_gmt":"2026-01-13T11:36:25","slug":"cable-mini-display-port-a-vga-1-8mt-4k-1-2v-microtech","status":"publish","type":"product","link":"https:\/\/electronicadelnorte.com.ec\/wp\/producto\/cable-mini-display-port-a-vga-1-8mt-4k-1-2v-microtech\/","title":{"rendered":"CABLE USB &#8211; MINI USB 30CM V3 5 PINES GRUESO"},"content":{"rendered":"<p>Conector de alta calidad CABLE USB &#8211; MINI USB 30CM V3 5 PINES GRUESO. Asegura una conexi\u00f3n el\u00e9ctrica firme y confiable para tus sistemas de audio, video o alimentaci\u00f3n.<\/p>\n","protected":false},"excerpt":{"rendered":"<p>CABLE USB &#8211; MINI USB 30CM V3 5 PINES GRUESO &#8211; Componente de alta calidad para proyectos de ACCESORIOS DE COMPUTACI\u00d3N.<\/p>\n","protected":false},"featured_media":2904,"comment_status":"open","ping_status":"closed","template":"","meta":{"_joinchat":[]},"product_brand":[],"product_cat":[186],"product_tag":[],"class_list":{"0":"post-2663","1":"product","2":"type-product","3":"status-publish","4":"has-post-thumbnail","6":"product_cat-accesorios-de-computacion","8":"first","9":"outofstock","10":"taxable","11":"shipping-taxable","12":"purchasable","13":"product-type-simple"},"_links":{"self":[{"href":"https:\/\/electronicadelnorte.com.ec\/wp\/wp-json\/wp\/v2\/product\/2663","targetHints":{"allow":["GET"]}}],"collection":[{"href":"https:\/\/electronicadelnorte.com.ec\/wp\/wp-json\/wp\/v2\/product"}],"about":[{"href":"https:\/\/electronicadelnorte.com.ec\/wp\/wp-json\/wp\/v2\/types\/product"}],"replies":[{"embeddable":true,"href":"https:\/\/electronicadelnorte.com.ec\/wp\/wp-json\/wp\/v2\/comments?post=2663"}],"wp:featuredmedia":[{"embeddable":true,"href":"https:\/\/electronicadelnorte.com.ec\/wp\/wp-json\/wp\/v2\/media\/2904"}],"wp:attachment":[{"href":"https:\/\/electronicadelnorte.com.ec\/wp\/wp-json\/wp\/v2\/media?parent=2663"}],"wp:term":[{"taxonomy":"product_brand","embeddable":true,"href":"https:\/\/electronicadelnorte.com.ec\/wp\/wp-json\/wp\/v2\/product_brand?post=2663"},{"taxonomy":"product_cat","embeddable":true,"href":"https:\/\/electronicadelnorte.com.ec\/wp\/wp-json\/wp\/v2\/product_cat?post=2663"},{"taxonomy":"product_tag","embeddable":true,"href":"https:\/\/electronicadelnorte.com.ec\/wp\/wp-json\/wp\/v2\/product_tag?post=2663"}],"curies":[{"name":"wp","href":"https:\/\/api.w.org\/{rel}","templated":true}]}}