{"id":2580,"date":"2025-11-14T10:49:41","date_gmt":"2025-11-14T15:49:41","guid":{"rendered":"https:\/\/electronicadelnorte.com.ec\/wp\/producto\/cable-hdmi-micro-hdmi-1-80mt-microtech\/"},"modified":"2026-01-13T06:36:18","modified_gmt":"2026-01-13T11:36:18","slug":"cable-hdmi-micro-hdmi-1-80mt-microtech","status":"publish","type":"product","link":"https:\/\/electronicadelnorte.com.ec\/wp\/producto\/cable-hdmi-micro-hdmi-1-80mt-microtech\/","title":{"rendered":"CABLE HDMI &#8211; MICRO HDMI 1.80MT MICROTECH"},"content":{"rendered":"<p><img loading=\"lazy\" decoding=\"async\" class=\"alignnone size-medium wp-image-3143\" src=\"https:\/\/electronicadelnorte.com.ec\/wp\/wp-content\/uploads\/2025\/11\/D_NQ_NP_996091-MLM44974565847_022021-O-300x203.webp\" alt=\"\" width=\"300\" height=\"203\" srcset=\"https:\/\/electronicadelnorte.com.ec\/wp\/wp-content\/uploads\/2025\/11\/D_NQ_NP_996091-MLM44974565847_022021-O-300x203.webp 300w, https:\/\/electronicadelnorte.com.ec\/wp\/wp-content\/uploads\/2025\/11\/D_NQ_NP_996091-MLM44974565847_022021-O.webp 500w\" sizes=\"auto, (max-width: 300px) 100vw, 300px\" \/>Conector de alta calidad CABLE HDMI &#8211; MICRO HDMI 1.80MT MICROTECH. Asegura una conexi\u00f3n el\u00e9ctrica firme y confiable para tus sistemas de audio, video o alimentaci\u00f3n.<\/p>\n","protected":false},"excerpt":{"rendered":"<p>CABLE HDMI &#8211; MICRO HDMI 1.80MT MICROTECH &#8211; Componente de alta calidad para proyectos de AUDIO Y VIDEO.<\/p>\n","protected":false},"featured_media":3143,"comment_status":"open","ping_status":"closed","template":"","meta":{"_joinchat":[]},"product_brand":[],"product_cat":[181],"product_tag":[],"class_list":{"0":"post-2580","1":"product","2":"type-product","3":"status-publish","4":"has-post-thumbnail","6":"product_cat-audio-y-video","8":"first","9":"outofstock","10":"taxable","11":"shipping-taxable","12":"purchasable","13":"product-type-simple"},"_links":{"self":[{"href":"https:\/\/electronicadelnorte.com.ec\/wp\/wp-json\/wp\/v2\/product\/2580","targetHints":{"allow":["GET"]}}],"collection":[{"href":"https:\/\/electronicadelnorte.com.ec\/wp\/wp-json\/wp\/v2\/product"}],"about":[{"href":"https:\/\/electronicadelnorte.com.ec\/wp\/wp-json\/wp\/v2\/types\/product"}],"replies":[{"embeddable":true,"href":"https:\/\/electronicadelnorte.com.ec\/wp\/wp-json\/wp\/v2\/comments?post=2580"}],"wp:featuredmedia":[{"embeddable":true,"href":"https:\/\/electronicadelnorte.com.ec\/wp\/wp-json\/wp\/v2\/media\/3143"}],"wp:attachment":[{"href":"https:\/\/electronicadelnorte.com.ec\/wp\/wp-json\/wp\/v2\/media?parent=2580"}],"wp:term":[{"taxonomy":"product_brand","embeddable":true,"href":"https:\/\/electronicadelnorte.com.ec\/wp\/wp-json\/wp\/v2\/product_brand?post=2580"},{"taxonomy":"product_cat","embeddable":true,"href":"https:\/\/electronicadelnorte.com.ec\/wp\/wp-json\/wp\/v2\/product_cat?post=2580"},{"taxonomy":"product_tag","embeddable":true,"href":"https:\/\/electronicadelnorte.com.ec\/wp\/wp-json\/wp\/v2\/product_tag?post=2580"}],"curies":[{"name":"wp","href":"https:\/\/api.w.org\/{rel}","templated":true}]}}