{"id":2450,"date":"2025-11-14T10:49:17","date_gmt":"2025-11-14T15:49:17","guid":{"rendered":"https:\/\/electronicadelnorte.com.ec\/wp\/producto\/modulo-sensor-de-sonido-ky-037\/"},"modified":"2026-01-13T06:36:07","modified_gmt":"2026-01-13T11:36:07","slug":"modulo-sensor-de-sonido-ky-037","status":"publish","type":"product","link":"https:\/\/electronicadelnorte.com.ec\/wp\/producto\/modulo-sensor-de-sonido-ky-037\/","title":{"rendered":"MODULO SENSOR DE SONIDO KY-037"},"content":{"rendered":"<p>M\u00f3dulo electr\u00f3nico MODULO SENSOR DE SONIDO KY-037, dise\u00f1ado para integrar capacidades de sensado o control en tus proyectos. F\u00e1cil de interfaz con Arduino, ESP32 y otros sistemas embebidos.<\/p>\n","protected":false},"excerpt":{"rendered":"<p>MODULO SENSOR DE SONIDO KY-037 &#8211; Componente de alta calidad para proyectos de ELECTR\u00d3NICA Y COMPONENTES.<\/p>\n","protected":false},"featured_media":2940,"comment_status":"open","ping_status":"closed","template":"","meta":{"_joinchat":[]},"product_brand":[],"product_cat":[177],"product_tag":[],"class_list":{"0":"post-2450","1":"product","2":"type-product","3":"status-publish","4":"has-post-thumbnail","6":"product_cat-electronica-y-componentes","8":"first","9":"outofstock","10":"taxable","11":"shipping-taxable","12":"purchasable","13":"product-type-simple"},"_links":{"self":[{"href":"https:\/\/electronicadelnorte.com.ec\/wp\/wp-json\/wp\/v2\/product\/2450","targetHints":{"allow":["GET"]}}],"collection":[{"href":"https:\/\/electronicadelnorte.com.ec\/wp\/wp-json\/wp\/v2\/product"}],"about":[{"href":"https:\/\/electronicadelnorte.com.ec\/wp\/wp-json\/wp\/v2\/types\/product"}],"replies":[{"embeddable":true,"href":"https:\/\/electronicadelnorte.com.ec\/wp\/wp-json\/wp\/v2\/comments?post=2450"}],"wp:featuredmedia":[{"embeddable":true,"href":"https:\/\/electronicadelnorte.com.ec\/wp\/wp-json\/wp\/v2\/media\/2940"}],"wp:attachment":[{"href":"https:\/\/electronicadelnorte.com.ec\/wp\/wp-json\/wp\/v2\/media?parent=2450"}],"wp:term":[{"taxonomy":"product_brand","embeddable":true,"href":"https:\/\/electronicadelnorte.com.ec\/wp\/wp-json\/wp\/v2\/product_brand?post=2450"},{"taxonomy":"product_cat","embeddable":true,"href":"https:\/\/electronicadelnorte.com.ec\/wp\/wp-json\/wp\/v2\/product_cat?post=2450"},{"taxonomy":"product_tag","embeddable":true,"href":"https:\/\/electronicadelnorte.com.ec\/wp\/wp-json\/wp\/v2\/product_tag?post=2450"}],"curies":[{"name":"wp","href":"https:\/\/api.w.org\/{rel}","templated":true}]}}