{"id":2430,"date":"2025-11-14T10:49:13","date_gmt":"2025-11-14T15:49:13","guid":{"rendered":"https:\/\/electronicadelnorte.com.ec\/wp\/producto\/x-mayor-led-5mm-amarillo-433007\/"},"modified":"2026-01-13T06:36:05","modified_gmt":"2026-01-13T11:36:05","slug":"x-mayor-led-5mm-amarillo-433007","status":"publish","type":"product","link":"https:\/\/electronicadelnorte.com.ec\/wp\/producto\/x-mayor-led-5mm-amarillo-433007\/","title":{"rendered":"LED 5MM AMARILLO (433007)"},"content":{"rendered":"<p>Componente optoelectr\u00f3nico X MAYOR LED 5MM AMARILLO (433007). Proporciona se\u00f1alizaci\u00f3n visual clara y brillante, indispensable para interfaces de usuario y diagn\u00f3sticos en circuitos.<\/p>\n","protected":false},"excerpt":{"rendered":"<p>X MAYOR LED 5MM AMARILLO (433007) &#8211; Componente de alta calidad para proyectos de ELECTR\u00d3NICA Y COMPONENTES.<\/p>\n","protected":false},"featured_media":2993,"comment_status":"open","ping_status":"closed","template":"","meta":{"_joinchat":[]},"product_brand":[],"product_cat":[177],"product_tag":[],"class_list":{"0":"post-2430","1":"product","2":"type-product","3":"status-publish","4":"has-post-thumbnail","6":"product_cat-electronica-y-componentes","8":"first","9":"outofstock","10":"taxable","11":"shipping-taxable","12":"purchasable","13":"product-type-simple"},"_links":{"self":[{"href":"https:\/\/electronicadelnorte.com.ec\/wp\/wp-json\/wp\/v2\/product\/2430","targetHints":{"allow":["GET"]}}],"collection":[{"href":"https:\/\/electronicadelnorte.com.ec\/wp\/wp-json\/wp\/v2\/product"}],"about":[{"href":"https:\/\/electronicadelnorte.com.ec\/wp\/wp-json\/wp\/v2\/types\/product"}],"replies":[{"embeddable":true,"href":"https:\/\/electronicadelnorte.com.ec\/wp\/wp-json\/wp\/v2\/comments?post=2430"}],"wp:featuredmedia":[{"embeddable":true,"href":"https:\/\/electronicadelnorte.com.ec\/wp\/wp-json\/wp\/v2\/media\/2993"}],"wp:attachment":[{"href":"https:\/\/electronicadelnorte.com.ec\/wp\/wp-json\/wp\/v2\/media?parent=2430"}],"wp:term":[{"taxonomy":"product_brand","embeddable":true,"href":"https:\/\/electronicadelnorte.com.ec\/wp\/wp-json\/wp\/v2\/product_brand?post=2430"},{"taxonomy":"product_cat","embeddable":true,"href":"https:\/\/electronicadelnorte.com.ec\/wp\/wp-json\/wp\/v2\/product_cat?post=2430"},{"taxonomy":"product_tag","embeddable":true,"href":"https:\/\/electronicadelnorte.com.ec\/wp\/wp-json\/wp\/v2\/product_tag?post=2430"}],"curies":[{"name":"wp","href":"https:\/\/api.w.org\/{rel}","templated":true}]}}