{"id":2410,"date":"2025-11-14T10:49:10","date_gmt":"2025-11-14T15:49:10","guid":{"rendered":"https:\/\/electronicadelnorte.com.ec\/wp\/producto\/x-mayor-c-i-triac-bt139-600e-25a-600v\/"},"modified":"2026-01-13T06:36:04","modified_gmt":"2026-01-13T11:36:04","slug":"x-mayor-c-i-triac-bt139-600e-25a-600v","status":"publish","type":"product","link":"https:\/\/electronicadelnorte.com.ec\/wp\/producto\/x-mayor-c-i-triac-bt139-600e-25a-600v\/","title":{"rendered":"C.I. TRIAC BT139-600E 25A 600V"},"content":{"rendered":"<p>Componente activo X MAYOR C.I. TRIAC BT139-600E 25A 600V  para reparaci\u00f3n y dise\u00f1o de circuitos. Fabricado bajo est\u00e1ndares industriales para garantizar su funcionamiento correcto.<\/p>\n","protected":false},"excerpt":{"rendered":"<p>X MAYOR C.I. TRIAC BT139-600E 25A 600V  &#8211; Componente de alta calidad para proyectos de ELECTR\u00d3NICA Y COMPONENTES.<\/p>\n","protected":false},"featured_media":3005,"comment_status":"open","ping_status":"closed","template":"","meta":{"_joinchat":[]},"product_brand":[],"product_cat":[177],"product_tag":[],"class_list":{"0":"post-2410","1":"product","2":"type-product","3":"status-publish","4":"has-post-thumbnail","6":"product_cat-electronica-y-componentes","8":"first","9":"outofstock","10":"taxable","11":"shipping-taxable","12":"purchasable","13":"product-type-simple"},"_links":{"self":[{"href":"https:\/\/electronicadelnorte.com.ec\/wp\/wp-json\/wp\/v2\/product\/2410","targetHints":{"allow":["GET"]}}],"collection":[{"href":"https:\/\/electronicadelnorte.com.ec\/wp\/wp-json\/wp\/v2\/product"}],"about":[{"href":"https:\/\/electronicadelnorte.com.ec\/wp\/wp-json\/wp\/v2\/types\/product"}],"replies":[{"embeddable":true,"href":"https:\/\/electronicadelnorte.com.ec\/wp\/wp-json\/wp\/v2\/comments?post=2410"}],"wp:featuredmedia":[{"embeddable":true,"href":"https:\/\/electronicadelnorte.com.ec\/wp\/wp-json\/wp\/v2\/media\/3005"}],"wp:attachment":[{"href":"https:\/\/electronicadelnorte.com.ec\/wp\/wp-json\/wp\/v2\/media?parent=2410"}],"wp:term":[{"taxonomy":"product_brand","embeddable":true,"href":"https:\/\/electronicadelnorte.com.ec\/wp\/wp-json\/wp\/v2\/product_brand?post=2410"},{"taxonomy":"product_cat","embeddable":true,"href":"https:\/\/electronicadelnorte.com.ec\/wp\/wp-json\/wp\/v2\/product_cat?post=2410"},{"taxonomy":"product_tag","embeddable":true,"href":"https:\/\/electronicadelnorte.com.ec\/wp\/wp-json\/wp\/v2\/product_tag?post=2410"}],"curies":[{"name":"wp","href":"https:\/\/api.w.org\/{rel}","templated":true}]}}